{"id":711,"date":"2020-02-10T19:18:44","date_gmt":"2020-02-10T18:18:44","guid":{"rendered":"https:\/\/pierrecornuel-gallery.com\/?post_type=product&#038;p=711"},"modified":"2020-02-10T19:36:05","modified_gmt":"2020-02-10T18:36:05","slug":"le-compliment-de-grand-maitre-ed-hongfei-cultures","status":"publish","type":"product","link":"https:\/\/pierrecornuel-gallery.com\/index.php\/produit\/le-compliment-de-grand-maitre-ed-hongfei-cultures\/","title":{"rendered":"\u00ab Le compliment de Grand Ma\u00eetre \u00bb Shaolin, pays de Kung-Fu (\u00e9d.HongFei Cultures)"},"content":{"rendered":"<blockquote><p>\u00ab\u00a0Sous l&rsquo;\u00e9p\u00e9e haut lev\u00e9e l&rsquo;enfer vous faisait trembler, mais en allant de l&rsquo;avant vous avez trouv\u00e9 le pays de la f\u00e9licit\u00e9.\u00a0\u00bb<\/p><\/blockquote>\n","protected":false},"excerpt":{"rendered":"<p>\u00ab\u00a0Sous l&rsquo;\u00e9p\u00e9e haut lev\u00e9e l&rsquo;enfer vous faisait trembler, mais en allant de l&rsquo;avant vous avez trouv\u00e9 le pays de la f\u00e9licit\u00e9.\u00a0\u00bb<\/p>\n","protected":false},"featured_media":708,"template":"","meta":{"ngg_post_thumbnail":0,"spay_email":"","jetpack_publicize_message":""},"jetpack_publicize_connections":[],"jetpack_sharing_enabled":false,"_links":{"self":[{"href":"https:\/\/pierrecornuel-gallery.com\/index.php\/wp-json\/wp\/v2\/product\/711"}],"collection":[{"href":"https:\/\/pierrecornuel-gallery.com\/index.php\/wp-json\/wp\/v2\/product"}],"about":[{"href":"https:\/\/pierrecornuel-gallery.com\/index.php\/wp-json\/wp\/v2\/types\/product"}],"wp:featuredmedia":[{"embeddable":true,"href":"https:\/\/pierrecornuel-gallery.com\/index.php\/wp-json\/wp\/v2\/media\/708"}],"wp:attachment":[{"href":"https:\/\/pierrecornuel-gallery.com\/index.php\/wp-json\/wp\/v2\/media?parent=711"}],"curies":[{"name":"wp","href":"https:\/\/api.w.org\/{rel}","templated":true}]}}